{"id":10607,"date":"2026-02-17T14:37:57","date_gmt":"2026-02-17T13:37:57","guid":{"rendered":"https:\/\/mr-ezy.com\/?page_id=10607"},"modified":"2026-02-17T14:38:08","modified_gmt":"2026-02-17T13:38:08","slug":"impressum-2","status":"publish","type":"page","link":"https:\/\/mr-ezy.com\/de\/impressum-2\/","title":{"rendered":"Impressum"},"content":{"rendered":"<p data-start=\"220\" data-end=\"245\"><strong data-start=\"220\" data-end=\"245\">Angaben gem\u00e4\u00df \u00a7 5 DDG<\/strong><\/p>\n<p data-start=\"247\" data-end=\"280\"><strong data-start=\"247\" data-end=\"267\">Website \/ Marke:<\/strong><br data-start=\"267\" data-end=\"270\" \/>Mr. E-ZY<\/p>\n<p data-start=\"282\" data-end=\"323\"><strong data-start=\"282\" data-end=\"298\">Unternehmen:<\/strong><br data-start=\"298\" data-end=\"301\" \/>Daan\u2019s Investment B.V.<\/p>\n<p data-start=\"325\" data-end=\"382\"><strong data-start=\"325\" data-end=\"369\">Vertretungsberechtigter Gesch\u00e4ftsf\u00fchrer:<\/strong><br data-start=\"369\" data-end=\"372\" \/>Simon Rutz<\/p>\n<p data-start=\"384\" data-end=\"452\"><strong data-start=\"384\" data-end=\"398\">Anschrift:<\/strong><br data-start=\"398\" data-end=\"401\" \/>Brantjesstraat 72<br data-start=\"418\" data-end=\"421\" \/>1447 PE Purmerend<br data-start=\"438\" data-end=\"441\" \/>Niederlande<\/p>\n<p data-start=\"454\" data-end=\"524\"><strong data-start=\"454\" data-end=\"466\">Kontakt:<\/strong><br data-start=\"466\" data-end=\"469\" \/>Telefon: +31 (0)6 55 85 85 70<br data-start=\"498\" data-end=\"501\" \/>E-Mail: <a class=\"decorated-link cursor-pointer\" rel=\"noopener\" data-start=\"509\" data-end=\"524\">info@mr-ezy.com<\/a><\/p>\n<p data-start=\"526\" data-end=\"617\"><strong data-start=\"526\" data-end=\"546\">Handelsregister:<\/strong><br data-start=\"546\" data-end=\"549\" \/>Kamer van Koophandel (Niederlande)<br data-start=\"583\" data-end=\"586\" \/>Handelsregisternummer: 71353666<\/p>\n<p data-start=\"619\" data-end=\"692\"><strong data-start=\"619\" data-end=\"675\">Umsatzsteuer-Identifikationsnummer gem\u00e4\u00df \u00a7 27a UStG:<\/strong><br data-start=\"675\" data-end=\"678\" \/>NL858682497B02<\/p>\n<p data-start=\"694\" data-end=\"734\"><strong data-start=\"694\" data-end=\"715\">Aufsichtsbeh\u00f6rde:<\/strong><br data-start=\"715\" data-end=\"718\" \/>Nicht zutreffend<\/p>\n<p data-start=\"736\" data-end=\"828\"><strong data-start=\"736\" data-end=\"792\">Verantwortlich f\u00fcr den Inhalt nach \u00a7 18 Abs. 2 MStV:<\/strong><br data-start=\"792\" data-end=\"795\" \/>Simon Rutz<br data-start=\"805\" data-end=\"808\" \/>(Anschrift wie oben)<\/p>\n<h3 data-start=\"835\" data-end=\"858\"><\/h3>\n<h3 data-start=\"835\" data-end=\"858\">Rechtliche Hinweise<\/h3>\n<p data-start=\"860\" data-end=\"1241\"><strong data-start=\"860\" data-end=\"883\">Haftung f\u00fcr Inhalte<\/strong><br data-start=\"883\" data-end=\"886\" \/>Als Diensteanbieter sind wir gem\u00e4\u00df \u00a7 7 Abs.1 DDG f\u00fcr eigene Inhalte auf diesen Seiten nach den allgemeinen Gesetzen verantwortlich. Nach \u00a7\u00a7 8 bis 10 DDG sind wir als Diensteanbieter jedoch nicht verpflichtet, \u00fcbermittelte oder gespeicherte fremde Informationen zu \u00fcberwachen oder nach Umst\u00e4nden zu forschen, die auf eine rechtswidrige T\u00e4tigkeit hinweisen.<\/p>\n<p data-start=\"1243\" data-end=\"1444\"><strong data-start=\"1243\" data-end=\"1264\">Haftung f\u00fcr Links<\/strong><br data-start=\"1264\" data-end=\"1267\" \/>Unser Angebot enth\u00e4lt Links zu externen Websites Dritter, auf deren Inhalte wir keinen Einfluss haben. Deshalb k\u00f6nnen wir f\u00fcr diese fremden Inhalte auch keine Gew\u00e4hr \u00fcbernehmen.<\/p>\n<h3 data-start=\"1451\" data-end=\"1480\"><\/h3>\n<h3 data-start=\"1451\" data-end=\"1480\">Weitere rechtliche Seiten<\/h3>\n<p data-start=\"1482\" data-end=\"1543\"><strong data-start=\"1482\" data-end=\"1507\">Datenschutzerkl\u00e4rung:<\/strong><br data-start=\"1507\" data-end=\"1510\" \/><a class=\"decorated-link\" href=\"https:\/\/mr-ezy.com\/privacybeleid\/\" target=\"_new\" rel=\"noopener\" data-start=\"1510\" data-end=\"1543\">https:\/\/mr-ezy.com\/privacybeleid\/<\/a><\/p>\n<p data-start=\"1545\" data-end=\"1630\"><strong data-start=\"1545\" data-end=\"1587\">Allgemeine Gesch\u00e4ftsbedingungen (AGB):<\/strong><br data-start=\"1587\" data-end=\"1590\" \/><a class=\"decorated-link\" href=\"https:\/\/mr-ezy.com\/algemene-voorwaarden\/\" target=\"_new\" rel=\"noopener\" data-start=\"1590\" data-end=\"1630\">https:\/\/mr-ezy.com\/algemene-voorwaarden\/<\/a><\/p>\n","protected":false},"excerpt":{"rendered":"<p>Angaben gem\u00e4\u00df \u00a7 5 DDG Website \/ Marke:Mr. E-ZY Unternehmen:Daan\u2019s Investment B.V. Vertretungsberechtigter Gesch\u00e4ftsf\u00fchrer:Simon Rutz Anschrift:Brantjesstraat 721447 PE PurmerendNiederlande Kontakt:Telefon: +31 (0)6 55 85 85 70E-Mail: info@mr-ezy.com Handelsregister:Kamer van Koophandel (Niederlande)Handelsregisternummer: 71353666 Umsatzsteuer-Identifikationsnummer gem\u00e4\u00df \u00a7 27a UStG:NL858682497B02 Aufsichtsbeh\u00f6rde:Nicht zutreffend Verantwortlich f\u00fcr den Inhalt nach \u00a7 18 Abs. 2 MStV:Simon Rutz(Anschrift wie oben) Rechtliche Hinweise Haftung [&hellip;]<\/p>\n","protected":false},"author":1,"featured_media":0,"parent":0,"menu_order":0,"comment_status":"closed","ping_status":"closed","template":"","meta":{"_acf_changed":false,"footnotes":""},"class_list":["post-10607","page","type-page","status-publish","hentry"],"acf":[],"faqimage":null,"_faqimage":null,"faqvideo":null,"_faqvideo":null,"faqdownload":null,"_faqdownload":null,"faqflowchart":null,"_faqflowchart":null,"_links":{"self":[{"href":"https:\/\/mr-ezy.com\/de\/wp-json\/wp\/v2\/pages\/10607","targetHints":{"allow":["GET"]}}],"collection":[{"href":"https:\/\/mr-ezy.com\/de\/wp-json\/wp\/v2\/pages"}],"about":[{"href":"https:\/\/mr-ezy.com\/de\/wp-json\/wp\/v2\/types\/page"}],"author":[{"embeddable":true,"href":"https:\/\/mr-ezy.com\/de\/wp-json\/wp\/v2\/users\/1"}],"replies":[{"embeddable":true,"href":"https:\/\/mr-ezy.com\/de\/wp-json\/wp\/v2\/comments?post=10607"}],"version-history":[{"count":1,"href":"https:\/\/mr-ezy.com\/de\/wp-json\/wp\/v2\/pages\/10607\/revisions"}],"predecessor-version":[{"id":10789,"href":"https:\/\/mr-ezy.com\/de\/wp-json\/wp\/v2\/pages\/10607\/revisions\/10789"}],"wp:attachment":[{"href":"https:\/\/mr-ezy.com\/de\/wp-json\/wp\/v2\/media?parent=10607"}],"curies":[{"name":"wp","href":"https:\/\/api.w.org\/{rel}","templated":true}]}}