{"id":10608,"date":"2026-02-04T10:46:53","date_gmt":"2026-02-04T09:46:53","guid":{"rendered":"https:\/\/mr-ezy.com\/?page_id=10608"},"modified":"2026-02-04T10:48:56","modified_gmt":"2026-02-04T09:48:56","slug":"impressum","status":"publish","type":"page","link":"https:\/\/mr-ezy.com\/de\/impressum\/","title":{"rendered":"Impressum"},"content":{"rendered":"<h3>Angaben gem\u00e4\u00df \u00a7 5 DDG<\/h3>\n<p><strong>Website \/ Marke:<\/strong><br \/>\nMr. E-ZY<\/p>\n<p><strong>Unternehmen:<\/strong><br \/>\nDaan\u2019s Investment B.V.<\/p>\n<p><strong>Vertretungsberechtigter Gesch\u00e4ftsf\u00fchrer:<\/strong><br \/>\nSimon Rutz<\/p>\n<p><strong>Anschrift:<\/strong><br \/>\nBrantjesstraat 72<br \/>\n1447 PE Purmerend<br \/>\nNiederlande<\/p>\n<p><strong>Kontakt:<\/strong><br \/>\nTelefon: +31 (0)6 55 85 85 70<br \/>\nE-Mail: <a href=\"mailto:info@mr-ezy.com\">info@mr-ezy.com<\/a><\/p>\n<p><strong>Handelsregister:<\/strong><br \/>\nKamer van Koophandel (Niederlande)<br \/>\nHandelsregisternummer: 71353666<\/p>\n<p><strong>Umsatzsteuer-Identifikationsnummer gem\u00e4\u00df \u00a7 27a UStG:<\/strong><br \/>\nNL858682497B02<\/p>\n<p><strong>Aufsichtsbeh\u00f6rde:<\/strong><br \/>\nNicht zutreffend<\/p>\n<p><strong>Verantwortlich f\u00fcr den Inhalt nach \u00a7 18 Abs. 2 MStV:<\/strong><br \/>\nSimon Rutz<br \/>\n(Anschrift wie oben)<\/p>\n<p>&nbsp;<\/p>\n<h3>Rechtliche Hinweise<\/h3>\n<p><strong>Haftung f\u00fcr Inhalte<\/strong><br \/>\nAls Diensteanbieter sind wir gem\u00e4\u00df \u00a7 7 Abs. 1 DDG f\u00fcr eigene Inhalte auf diesen Seiten nach den allgemeinen<br \/>\nGesetzen verantwortlich. Nach \u00a7\u00a7 8 bis 10 DDG sind wir als Diensteanbieter jedoch nicht verpflichtet, \u00fcbermittelte<br \/>\noder gespeicherte fremde Informationen zu \u00fcberwachen oder nach Umst\u00e4nden zu forschen, die auf eine rechtswidrige<br \/>\nT\u00e4tigkeit hinweisen.<\/p>\n<p><strong>Haftung f\u00fcr Links<\/strong><br \/>\nUnser Angebot enth\u00e4lt Links zu externen Websites Dritter, auf deren Inhalte wir keinen Einfluss haben. Deshalb<br \/>\nk\u00f6nnen wir f\u00fcr diese fremden Inhalte auch keine Gew\u00e4hr \u00fcbernehmen.<\/p>\n<p>&nbsp;<\/p>\n<h3>Weitere rechtliche Seiten<\/h3>\n<p><strong>Datenschutzerkl\u00e4rung:<\/strong><\/p>\n<blockquote class=\"wp-embedded-content\" data-secret=\"Z2LiCtbKRL\"><p><a href=\"https:\/\/mr-ezy.com\/de\/datenschutzerklarung\/\">Datenschutzerkl\u00e4rung<\/a><\/p><\/blockquote>\n<p><iframe loading=\"lazy\" class=\"wp-embedded-content\" sandbox=\"allow-scripts\" security=\"restricted\" style=\"position: absolute; visibility: hidden;\" title=\"&#8222;Datenschutzerkl\u00e4rung&#8220; &#8211; Mr. E-ZY\" src=\"https:\/\/mr-ezy.com\/de\/datenschutzerklarung\/embed\/#?secret=OHLPkePvjd#?secret=Z2LiCtbKRL\" data-secret=\"Z2LiCtbKRL\" width=\"500\" height=\"282\" frameborder=\"0\" marginwidth=\"0\" marginheight=\"0\" scrolling=\"no\"><\/iframe><\/p>\n<p><strong>Allgemeine Gesch\u00e4ftsbedingungen (AGB):<\/strong><br \/>\n<a href=\"https:\/\/mr-ezy.com\/algemene-voorwaarden\/\" target=\"_blank\" rel=\"noopener noreferrer\"><br \/>\nhttps:\/\/mr-ezy.com\/de\/allgemeine-geschaeftsbedingungen\/<\/a><\/p>\n","protected":false},"excerpt":{"rendered":"<p>Angaben gem\u00e4\u00df \u00a7 5 DDG Website \/ Marke: Mr. E-ZY Unternehmen: Daan\u2019s Investment B.V. Vertretungsberechtigter Gesch\u00e4ftsf\u00fchrer: Simon Rutz Anschrift: Brantjesstraat 72 1447 PE Purmerend Niederlande Kontakt: Telefon: +31 (0)6 55 85 85 70 E-Mail: info@mr-ezy.com Handelsregister: Kamer van Koophandel (Niederlande) Handelsregisternummer: 71353666 Umsatzsteuer-Identifikationsnummer gem\u00e4\u00df \u00a7 27a UStG: NL858682497B02 Aufsichtsbeh\u00f6rde: Nicht zutreffend Verantwortlich f\u00fcr den Inhalt [&hellip;]<\/p>\n","protected":false},"author":1,"featured_media":0,"parent":0,"menu_order":0,"comment_status":"closed","ping_status":"closed","template":"","meta":{"_acf_changed":false,"footnotes":""},"class_list":["post-10608","page","type-page","status-publish","hentry"],"acf":[],"faqimage":null,"_faqimage":null,"faqvideo":null,"_faqvideo":null,"faqdownload":null,"_faqdownload":null,"faqflowchart":null,"_faqflowchart":null,"_links":{"self":[{"href":"https:\/\/mr-ezy.com\/de\/wp-json\/wp\/v2\/pages\/10608","targetHints":{"allow":["GET"]}}],"collection":[{"href":"https:\/\/mr-ezy.com\/de\/wp-json\/wp\/v2\/pages"}],"about":[{"href":"https:\/\/mr-ezy.com\/de\/wp-json\/wp\/v2\/types\/page"}],"author":[{"embeddable":true,"href":"https:\/\/mr-ezy.com\/de\/wp-json\/wp\/v2\/users\/1"}],"replies":[{"embeddable":true,"href":"https:\/\/mr-ezy.com\/de\/wp-json\/wp\/v2\/comments?post=10608"}],"version-history":[{"count":6,"href":"https:\/\/mr-ezy.com\/de\/wp-json\/wp\/v2\/pages\/10608\/revisions"}],"predecessor-version":[{"id":10617,"href":"https:\/\/mr-ezy.com\/de\/wp-json\/wp\/v2\/pages\/10608\/revisions\/10617"}],"wp:attachment":[{"href":"https:\/\/mr-ezy.com\/de\/wp-json\/wp\/v2\/media?parent=10608"}],"curies":[{"name":"wp","href":"https:\/\/api.w.org\/{rel}","templated":true}]}}