{"id":9781,"date":"2024-09-23T13:21:02","date_gmt":"2024-09-23T11:21:02","guid":{"rendered":"https:\/\/mr-ezy.com\/?page_id=9781"},"modified":"2025-11-28T10:18:13","modified_gmt":"2025-11-28T09:18:13","slug":"datenschutzerklarung","status":"publish","type":"page","link":"https:\/\/mr-ezy.com\/de\/datenschutzerklarung\/","title":{"rendered":"Datenschutzerkl\u00e4rung"},"content":{"rendered":"<p><strong>Ihre pers\u00f6nlichen Daten. Sie geben sie an uns weiter, weil es notwendig ist, wenn Sie eine Bestellung aufgeben. Wir k\u00f6nnen uns jedoch vorstellen, dass Sie gern wissen m\u00f6chten, warum wir Ihre pers\u00f6nlichen Daten ben\u00f6tigen und was wir damit tun. Das erkl\u00e4ren wir Ihnen hier.<\/strong><\/p>\n<p>Haben Sie nach dem Lesen dieser Seite noch Fragen? Kontaktieren Sie bitte unseren <a href=\"https:\/\/mr-ezy.com\/de\/kundendienst\/\">Kundendienst<\/a>.<\/p>\n<p><strong>Sehr sicher<\/strong><br \/>\nAlle Daten, die Sie uns anvertrauen, werden sicher gespeichert. Wir verwenden moderne Technologien, um dies zu gew\u00e4hrleisten. Personen, die keinen Zugang zu Ihren Daten haben sollten, k\u00f6nnen sie nicht einsehen. Wenn wir Ihre Daten weitergeben \u2014 unten erfahren Sie warum und wann \u2014 stellen wir sicher, dass die andere Partei ebenso sorgf\u00e4ltig mit Ihren Daten umgeht und sie ausschlie\u00dflich f\u00fcr den vorgesehenen Zweck nutzt. Haben Sie den Eindruck, dass dies nicht geschieht, melden Sie sich bitte bei unserem <a href=\"https:\/\/mr-ezy.com\/de\/kundendienst\/\">Kundendienst<\/a>.<\/p>\n<p><strong>Wir erkl\u00e4ren es Ihnen gern<\/strong><br \/>\nWir verwenden Ihre Daten h\u00e4ufig, um Ihnen ein m\u00f6glichst pers\u00f6nliches Einkaufserlebnis zu bieten. Wir passen das an, was Sie auf Mr-EZY.com sehen, basierend auf Ihren Interessen. Daf\u00fcr nutzen wir beispielsweise Daten aus fr\u00fcheren Bestellungen, Ihre IP-Adresse und Cookies.<br \/>\nMehr \u00fcber Cookies erfahren Sie weiter unten.<\/p>\n<p><strong>Was wir sonst mit Ihren Daten machen<\/strong><br \/>\nWir verwenden Ihre Daten f\u00fcr verschiedene Zwecke. Nachfolgend sehen Sie welche. Wir nutzen sowohl die Daten, die Sie uns geben, als auch die, die wir selbst erfassen, z. B. Informationen \u00fcber Ihren Besuch auf unserer Website.<\/p>\n<p><strong>Ihre Bestellung liefern<\/strong><br \/>\nF\u00fcr Ihre Bestellung ben\u00f6tigen wir Ihren Namen, Ihre E-Mail-Adresse, Adresse(n), Zahlungsdaten und manchmal Ihre Telefonnummer. Damit k\u00f6nnen wir Ihre Bestellung liefern und Sie \u00fcber den Status informieren. Wir geben Ihre Daten an Dritte weiter, wenn dies zur Ausf\u00fchrung der Bestellung notwendig ist, wie z. B. Versanddienstleister oder unser Distributionszentrum.<\/p>\n<p><strong>Ihr Konto<\/strong><br \/>\nIn Ihrem mr-ezy.com Konto speichern wir: Name, Adresse(n), Telefonnummer, E-Mail-Adresse, Liefer- und Zahlungsdaten sowie Angaben zu Interessen (z. B. Geburtsdatum). Praktisch, denn so m\u00fcssen Sie diese nicht jedes Mal erneut eingeben. Wir speichern auch Informationen \u00fcber fr\u00fchere Bestellungen und Bewertungen.<\/p>\n<p><strong>Kundendienst<\/strong><br \/>\nSie k\u00f6nnen uns anrufen, mailen oder schreiben. Um Ihnen schnell zu helfen, verwenden wir Ihre Daten und speichern Notizen. Informationen zu Ihrem Telefonat k\u00f6nnen registriert werden \u2014 hilfreich bei sp\u00e4teren Anfragen. Manchmal arbeitet ein externer Dienstleister f\u00fcr uns und kann Ihre Daten verwenden, um Ihre Fragen zu beantworten.<\/p>\n<p><strong>Newsletter<\/strong><br \/>\nSie k\u00f6nnen unseren Newsletter abonnieren. So bleiben Sie \u00fcber Angebote informiert. Abmelden ist jederzeit m\u00f6glich.<\/p>\n<p><strong>Verbesserung unserer Dienste<\/strong><br \/>\nWir arbeiten st\u00e4ndig an Verbesserungen. Deshalb k\u00f6nnen wir Ihre Daten verwenden, um Sie zu freiwilligen Umfragen einzuladen. Externe Firmen k\u00f6nnen diese f\u00fcr uns durchf\u00fchren \u2014 daf\u00fcr erhalten sie Ihre E-Mail-Adresse. Sie m\u00fcssen diese nach Abschluss l\u00f6schen.<\/p>\n<p><strong>Betrugspr\u00e4vention<\/strong><br \/>\nWir verwenden Kundendaten, um Betrug zu untersuchen und zu verhindern. Bei Bedarf geben wir Daten an Beh\u00f6rden weiter.<\/p>\n<p><strong>Sp\u00e4ter bezahlen<\/strong><br \/>\nWenn Sie Produkte sp\u00e4ter bezahlen m\u00f6chten, k\u00f6nnen wir Ihre Kreditw\u00fcrdigkeit pr\u00fcfen und Dienste Dritter nutzen. Dazu d\u00fcrfen wir Ihre Daten weitergeben.<\/p>\n<p><strong>Soziale Medien<\/strong><br \/>\nWenn Sie soziale Medien wie Facebook nutzen, k\u00f6nnen Sie sich mit Ihrem Social-Media-Konto anmelden. Wenn Sie ein Produkt liken, wird es auf Ihrem Profil angezeigt. Mr-EZY.com hat keinen Zugriff auf Ihr Konto. Wenn Sie uns dort eine Nachricht senden, speichern wir diese, um zu antworten.<\/p>\n<p><strong>Was wir NICHT tun<\/strong><br \/>\nWir zeigen Ihnen nie andere Preise als anderen Kunden.<br \/>\nWir verkaufen Ihre Daten nie.<\/p>\n<p><strong>Stimmen Ihre Daten nicht oder haben Sie Fragen?<\/strong><br \/>\nM\u00f6chten Sie Daten einsehen, korrigieren oder Ihr Konto l\u00f6schen? Kontaktieren Sie unseren <a href=\"https:\/\/mr-ezy.com\/de\/kundendienst\/\">Kundendienst<\/a>. Wir helfen Ihnen gern \u2014 rund um die Uhr.<\/p>\n","protected":false},"excerpt":{"rendered":"<p>Ihre pers\u00f6nlichen Daten. Sie geben sie an uns weiter, weil es notwendig ist, wenn Sie eine Bestellung aufgeben. Wir k\u00f6nnen uns jedoch vorstellen, dass Sie gern wissen m\u00f6chten, warum wir Ihre pers\u00f6nlichen Daten ben\u00f6tigen und was wir damit tun. Das erkl\u00e4ren wir Ihnen hier. Haben Sie nach dem Lesen dieser Seite noch Fragen? Kontaktieren Sie [&hellip;]<\/p>\n","protected":false},"author":1,"featured_media":0,"parent":0,"menu_order":0,"comment_status":"closed","ping_status":"closed","template":"","meta":{"_acf_changed":false,"footnotes":""},"class_list":["post-9781","page","type-page","status-publish","hentry"],"acf":[],"faqimage":null,"_faqimage":null,"faqvideo":null,"_faqvideo":null,"faqdownload":null,"_faqdownload":null,"faqflowchart":null,"_faqflowchart":null,"_links":{"self":[{"href":"https:\/\/mr-ezy.com\/de\/wp-json\/wp\/v2\/pages\/9781","targetHints":{"allow":["GET"]}}],"collection":[{"href":"https:\/\/mr-ezy.com\/de\/wp-json\/wp\/v2\/pages"}],"about":[{"href":"https:\/\/mr-ezy.com\/de\/wp-json\/wp\/v2\/types\/page"}],"author":[{"embeddable":true,"href":"https:\/\/mr-ezy.com\/de\/wp-json\/wp\/v2\/users\/1"}],"replies":[{"embeddable":true,"href":"https:\/\/mr-ezy.com\/de\/wp-json\/wp\/v2\/comments?post=9781"}],"version-history":[{"count":2,"href":"https:\/\/mr-ezy.com\/de\/wp-json\/wp\/v2\/pages\/9781\/revisions"}],"predecessor-version":[{"id":9787,"href":"https:\/\/mr-ezy.com\/de\/wp-json\/wp\/v2\/pages\/9781\/revisions\/9787"}],"wp:attachment":[{"href":"https:\/\/mr-ezy.com\/de\/wp-json\/wp\/v2\/media?parent=9781"}],"curies":[{"name":"wp","href":"https:\/\/api.w.org\/{rel}","templated":true}]}}