{"id":13459,"date":"2025-10-02T15:23:46","date_gmt":"2025-10-02T13:23:46","guid":{"rendered":"https:\/\/mr-ezy.com\/product\/matratze\/"},"modified":"2025-10-02T15:23:46","modified_gmt":"2025-10-02T13:23:46","slug":"matratze","status":"publish","type":"product","link":"https:\/\/mr-ezy.com\/de\/produkt\/matratze\/","title":{"rendered":"Matratze"},"content":{"rendered":"<h2><strong>Mr. E-ZY Matratze: <span style=\"color: var(--color-base-dark-lighter);\">Aufblasbare Matratze<\/span> f\u00fcr ultimativen Komfort \u2013 Perfekt f\u00fcr den Tag und die Nacht<\/strong><\/h2>\n<p>Lernen Sie die Mr. E-ZY aufblasbare Matratze kennen, ein vielseitiges Produkt, das Sie sowohl f\u00fcr Entspannung als auch als tempor\u00e4re Schlafl\u00f6sung verwenden k\u00f6nnen. Mit einer H\u00f6he von nur 18 cm bietet dieses Modell eine stabile und komfortable Fl\u00e4che, ideal f\u00fcr Camper und Abenteurer, die eine kompakte und praktische L\u00f6sung suchen. Mit seinen Ma\u00dfen von 70 cm Breite und 2 Meter L\u00e4nge bietet diese Matratze eine flache Liegefl\u00e4che mit einer kleinen Erh\u00f6hung am Kopfende f\u00fcr zus\u00e4tzlichen Komfort.   <\/p>\n<h3><strong>Was macht die Mr. E-ZY Matratze besonders? <\/strong><\/h3>\n<p>Die Mr. E-ZY Matratze ist das niedrigste Modell in der Kollektion und ideal f\u00fcr diejenigen, die nach einer praktischen, aufblasbaren L\u00f6sung f\u00fcr tempor\u00e4ren Schlaf suchen, zum Beispiel im Zelt, ohne Komforteinbu\u00dfen hinzunehmen. Sie bietet eine stabile und flache Liegefl\u00e4che, die sowohl f\u00fcr R\u00fccken- als auch Bauchschl\u00e4fer gut geeignet ist, und dank der niedrigen H\u00f6he ist sie perfekt f\u00fcr die Nutzung in kleineren R\u00e4umen wie einem Zelt. Diese Matratze eignet sich auch f\u00fcr den Einsatz im Garten oder am Strand als komfortabler Ort zum Entspannen.   <\/p>\n<p>Die Matratze wurde als praktische L\u00f6sung f\u00fcr tempor\u00e4res Schlafen oder Liegen entwickelt und ist daher ideal f\u00fcr den Einsatz im Zelt oder bei anderen <strong>Outdoor-Aktivit\u00e4ten<\/strong>. Sie ist perfekt f\u00fcr Camper, Festivalbesucher oder jeden, der nach einem vielseitigen, kompakten Schlaf- oder Entspannungsplatz sucht. Sie bietet die richtige Unterst\u00fctzung f\u00fcr eine erholsame Nachtruhe, ohne Kompromisse bei Tragbarkeit oder Komfort einzugehen.  <\/p>\n<h3><strong>Schnell und einfach aufzublasen<\/strong><\/h3>\n<p>Wie auch die anderen Mr. E-ZY-Produkte bl\u00e4st sich die Mr. E-ZY Matratze innerhalb von 70 Sekunden mit einem Knopfdruck auf die eingebaute Powerbank auf. Kein Umst\u00e4ndliches Pumpen \u2013 Ihre komfortable Liegefl\u00e4che ist im Handumdrehen bereit zur Nutzung. Die Powerbank kann die Matratze 20 bis 30 Mal mit einer vollen Ladung aufblasen und kann auch zum Laden Ihres Telefons oder anderer Ger\u00e4te verwendet werden.    <\/p>\n<h3><strong>Einfach zur\u00fcckzupacken<\/strong><\/h3>\n<p>Nach dem Gebrauch ist das Zur\u00fcckpacken der Mr. E-ZY Matratze ein Kinderspiel. Innerhalb von 90 Sekunden haben Sie die Matratze wieder aufgerollt und in der mitgelieferten gro\u00dfen Tragetasche verstaut, bereit f\u00fcr Ihr n\u00e4chstes Abenteuer. Dieser Komfort sorgt daf\u00fcr, dass Sie Ihre Sachen schnell und m\u00fchelos verpacken k\u00f6nnen, ohne dass die Matratze viel Platz beansprucht.   <\/p>\n<h3><strong>Langlebig und von hoher Qualit\u00e4t<\/strong><\/h3>\n<p>Die Mr. E-ZY Matratze ist aus hochwertigem Nylon mit einer langlebigen TPU-Beschichtung gefertigt, die f\u00fcr eine lange Lebensdauer und hervorragende Leistung sorgt. Diese Premium-Materialien werden nur in den besten Qualit\u00e4tsprodukten verwendet, sodass Sie sicher sein k\u00f6nnen, dass Sie die h\u00f6chste Qualit\u00e4t und Benutzerfreundlichkeit erhalten.  <\/p>\n<h3><strong>Geeignet f\u00fcr mehrere Zwecke<\/strong><\/h3>\n<p>Diese aufblasbare Matratze ist nicht nur ideal f\u00fcr den Strand, den Park oder den Garten, sondern auch perfekt f\u00fcr den Einsatz im Zelt. Sie bietet die richtige Unterst\u00fctzung f\u00fcr eine erholsame Nachtruhe, ohne Kompromisse bei Tragbarkeit oder Komfort einzugehen. <\/p>\n<p><strong>Hinweis:<\/strong> Die Matratze ist nicht f\u00fcr den Einsatz im Wasser geeignet, aber sie ist gegen leichten Regen best\u00e4ndig.<\/p>\n<h3><strong>Mr. E-ZY macht das Leben einfach! <\/strong><\/h3>\n<p>Verabschieden Sie sich von schweren Schlafmatten und unbequemen Luftbetten. Die Mr. E-ZY Matratze bietet den perfekten Komfort f\u00fcr den Tag und die Nacht, ohne Kompromisse bei Mobilit\u00e4t oder Komfort einzugehen. Mit Mr. E-ZY wird Entspannen und Schlafen \u00fcberall ganz einfach. Mr. E-ZY makes life easy!      <\/p>\n","protected":false},"excerpt":{"rendered":"<p>Tags\u00fcber entspannen oder <strong>bequem \u00fcbernachten<\/strong>? Mit der selbstaufblasbaren Mr. E-ZY Matratze genie\u00dft du \u00fcberall kompakten und <strong>bequemen Liegekomfort<\/strong>!  <\/p>\n","protected":false},"featured_media":13458,"comment_status":"closed","ping_status":"closed","template":"","meta":{"_acf_changed":false},"product_brand":[],"product_cat":[170],"product_tag":[],"class_list":{"0":"post-13459","1":"product","2":"type-product","3":"status-publish","4":"has-post-thumbnail","6":"product_cat-unkategorisiert","8":"first","9":"outofstock","10":"taxable","11":"shipping-taxable","12":"purchasable","13":"product-type-variable","14":"has-default-attributes"},"acf":[],"faqimage":null,"_faqimage":null,"faqvideo":null,"_faqvideo":null,"faqdownload":null,"_faqdownload":null,"faqflowchart":null,"_faqflowchart":null,"_links":{"self":[{"href":"https:\/\/mr-ezy.com\/de\/wp-json\/wp\/v2\/product\/13459","targetHints":{"allow":["GET"]}}],"collection":[{"href":"https:\/\/mr-ezy.com\/de\/wp-json\/wp\/v2\/product"}],"about":[{"href":"https:\/\/mr-ezy.com\/de\/wp-json\/wp\/v2\/types\/product"}],"replies":[{"embeddable":true,"href":"https:\/\/mr-ezy.com\/de\/wp-json\/wp\/v2\/comments?post=13459"}],"wp:featuredmedia":[{"embeddable":true,"href":"https:\/\/mr-ezy.com\/de\/wp-json\/wp\/v2\/media\/13458"}],"wp:attachment":[{"href":"https:\/\/mr-ezy.com\/de\/wp-json\/wp\/v2\/media?parent=13459"}],"wp:term":[{"taxonomy":"product_brand","embeddable":true,"href":"https:\/\/mr-ezy.com\/de\/wp-json\/wp\/v2\/product_brand?post=13459"},{"taxonomy":"product_cat","embeddable":true,"href":"https:\/\/mr-ezy.com\/de\/wp-json\/wp\/v2\/product_cat?post=13459"},{"taxonomy":"product_tag","embeddable":true,"href":"https:\/\/mr-ezy.com\/de\/wp-json\/wp\/v2\/product_tag?post=13459"}],"curies":[{"name":"wp","href":"https:\/\/api.w.org\/{rel}","templated":true}]}}