{"id":9546,"date":"2025-10-02T15:24:57","date_gmt":"2025-10-02T13:24:57","guid":{"rendered":"https:\/\/mr-ezy.com\/product\/premium-lounger\/"},"modified":"2026-04-30T21:07:30","modified_gmt":"2026-04-30T19:07:30","slug":"aufblasbare-lounge-sitzsack-premium-lounger","status":"publish","type":"product","link":"https:\/\/mr-ezy.com\/de\/produkt\/aufblasbare-lounge-sitzsack-premium-lounger\/","title":{"rendered":"Premium Lounger"},"content":{"rendered":"<h2>Mr. E-ZY <span style=\"color: var(--color-base-dark-lighter);\">Premium Lounger<\/span> \u2013 Ultimativer Komfort und Stabilit\u00e4t f\u00fcr jede Situation <\/h2>\n<p>Machen Sie Bekanntschaft mit dem <b>Mr. E-ZY Premium aufblasbaren Lounger Sitzsack <\/b>, das neueste Modell der beliebten Mr. E-ZY Kollektion. Mit breiterem, l\u00e4ngerem und \u00fcberarbeitetem Design bietet dieser aufblasbare Sitzsack noch mehr Platz und Stabilit\u00e4t, ohne auf Benutzerfreundlichkeit oder leichtes Gewicht zu verzichten. Perfekt f\u00fcr entspannte Momente im Garten, am Strand oder w\u00e4hrend Ihres n\u00e4chsten Urlaubs.    <\/p>\n<p>Wie das Originalmodell wurde auch der Premium Lounger f\u00fcr maximalen Komfort und Mobilit\u00e4t entwickelt. So schaffen Sie sich \u00fcberall einen eigenen Entspannungsplatz \u2013 ob als Outdoor Sitzsack oder als flexibles Sitzsackbett f\u00fcr unterwegs<\/p>\n<h3>Eine Wahl f\u00fcr ultimative Entspannung<\/h3>\n<p>Der Mr. E-ZY Premium aufblasbare Lounger ist perfekt f\u00fcr alle, die einen ger\u00e4umigeren und stabileren Liege- oder Sitzsack f\u00fcr den Au\u00dfenbereich suchen, ohne auf Komfort zu verzichten. Dank des hochwertigen Materials und der TPU-Beschichtung kombiniert dieser Strand-, Camping- oder Garten-Sitzsack Robustheit, Langlebigkeit und Benutzerfreundlichkeit.  <\/p>\n<p>Sowohl dieses neue Modell als auch das Originalmodell sind leicht, kompakt und einfach zu transportieren, jedes mit einzigartigen Eigenschaften, die auf unterschiedliche W\u00fcnsche und Bed\u00fcrfnisse eingehen.<\/p>\n<p>Bestellen Sie noch heute Ihren <b>Mr. E-ZY Premium Sitzsack <\/b> und erleben Sie ultimativen Komfort \u2013 wo auch immer Sie sich auf der Welt befinden!<\/p>\n<h3><b>Fortschrittliche Funktionalit\u00e4t dank der eingebauten Powerbank<\/b><\/h3>\n<p>Die eingebaute Powerbank ist auch in diesem Modell eine leistungsstarke Erg\u00e4nzung. Mit einer vollen Batterie kann der Premium Campinglounger <b>20 bis 30 Mal<\/b> aufgeblasen werden. Ist die Batterie leer? Dann laden Sie diese einfach zu Hause \u00fcber das Stromnetz auf. Au\u00dferdem k\u00f6nnen Sie die Powerbank verwenden, um Ihr Telefon oder andere Ger\u00e4te aufzuladen, sodass Sie immer verbunden bleiben.    <\/p>\n<p><b>Achtung<\/b>: Der Premium aufblasbare Chill-Lounger ist aufgrund der eingebauten Powerbank nicht f\u00fcr den Einsatz im Wasser geeignet, aber er ist widerstandsf\u00e4hig gegen einen kr\u00e4ftigen Regenschauer.<\/p>\n<h3>Mr. E-ZY macht das Leben einfach! <\/h3>\n<p>Kein Schleppen mehr mit schweren St\u00fchlen oder Betten und keine hohen Kosten mehr f\u00fcr das Mieten von Strandliegen, der Mr. E-ZY ist ideal als <strong>Strand-Sitzsack<\/strong>. Verabschieden Sie sich von unbequemen Handt\u00fcchern und genie\u00dfen Sie \u00fcberall ultimativen Komfort. Mit Mr. E-ZY wird Entspannen wirklich einfach.     <b>Mr. E-ZY macht das Leben einfach! <\/b><\/p>\n","protected":false},"excerpt":{"rendered":"<p>Der aufblasbare Premium Lounger hat ein <strong>breiteres, l\u00e4ngeres und erneuertes Design<\/strong>! Ideal zum Entspannen im Garten, am Strand oder w\u00e4hrend des n\u00e4chsten Urlaubs.<\/p>\n","protected":false},"featured_media":9864,"comment_status":"closed","ping_status":"closed","template":"","meta":{"_acf_changed":false},"product_brand":[],"product_cat":[170],"product_tag":[],"class_list":{"0":"post-9546","1":"product","2":"type-product","3":"status-publish","4":"has-post-thumbnail","6":"product_cat-unkategorisiert","7":"product_shipping_class-gleich-oder-mehr-als-2-kg","9":"first","10":"instock","11":"taxable","12":"shipping-taxable","13":"purchasable","14":"product-type-variable","15":"has-default-attributes"},"acf":[],"faqimage":null,"_faqimage":null,"faqvideo":null,"_faqvideo":null,"faqdownload":null,"_faqdownload":null,"faqflowchart":null,"_faqflowchart":null,"_links":{"self":[{"href":"https:\/\/mr-ezy.com\/de\/wp-json\/wp\/v2\/product\/9546","targetHints":{"allow":["GET"]}}],"collection":[{"href":"https:\/\/mr-ezy.com\/de\/wp-json\/wp\/v2\/product"}],"about":[{"href":"https:\/\/mr-ezy.com\/de\/wp-json\/wp\/v2\/types\/product"}],"replies":[{"embeddable":true,"href":"https:\/\/mr-ezy.com\/de\/wp-json\/wp\/v2\/comments?post=9546"}],"wp:featuredmedia":[{"embeddable":true,"href":"https:\/\/mr-ezy.com\/de\/wp-json\/wp\/v2\/media\/9864"}],"wp:attachment":[{"href":"https:\/\/mr-ezy.com\/de\/wp-json\/wp\/v2\/media?parent=9546"}],"wp:term":[{"taxonomy":"product_brand","embeddable":true,"href":"https:\/\/mr-ezy.com\/de\/wp-json\/wp\/v2\/product_brand?post=9546"},{"taxonomy":"product_cat","embeddable":true,"href":"https:\/\/mr-ezy.com\/de\/wp-json\/wp\/v2\/product_cat?post=9546"},{"taxonomy":"product_tag","embeddable":true,"href":"https:\/\/mr-ezy.com\/de\/wp-json\/wp\/v2\/product_tag?post=9546"}],"curies":[{"name":"wp","href":"https:\/\/api.w.org\/{rel}","templated":true}]}}