{"id":9562,"date":"2025-10-02T15:22:01","date_gmt":"2025-10-02T13:22:01","guid":{"rendered":"https:\/\/mr-ezy.com\/product\/sunbed\/"},"modified":"2026-04-23T10:05:09","modified_gmt":"2026-04-23T08:05:09","slug":"aufblasbare-strandliege-sunbed","status":"publish","type":"product","link":"https:\/\/mr-ezy.com\/de\/produkt\/aufblasbare-strandliege-sunbed\/","title":{"rendered":"Sunbed"},"content":{"rendered":"<h2>Mr. E-ZY <span style=\"color: var(--color-base-dark-lighter);\">Sunbed<\/span>: Aufblasbares Sunbed \u2013 Entspanne in ultimativem Luxus, wo immer du bist <\/h2>\n<p>Entdecken Sie das neu gestaltete <b>aufblasbare Strandbett<\/b> von Mr. E-ZY, speziell entwickelt f\u00fcr alle, die gerne flach liegen, sich sonnen, schlafen oder einfach nur <b>ultimative Entspannung<\/b> genie\u00dfen m\u00f6chten. Mit einer beeindruckenden L\u00e4nge von 2 Metern bietet dieses Sunbed eine ger\u00e4umige und bequeme Liegefl\u00e4che \u2013 ideal f\u00fcr lange Tage in der Sonne oder zum Entspannen im Schatten.   <\/p>\n<p>Wie alle Mr. E-ZY Produkte bl\u00e4st sich die aufblasbare Liege dank der <g id=\"gid_0\">integrierten, wiederaufladbaren Powerbank<\/g> in nur 70 Sekunden selbst auf. Mit einem einzigen Knopfdruck ist Ihre Sonnenliege aufblasbar einsatzbereit \u2013 ganz ohne Aufwand oder externe Pumpe.  <\/p>\n<h3>Fortschrittliche Funktionalit\u00e4t dank der eingebauten Powerbank<\/h3>\n<p>Das Mr. E-ZY <b>aufblasbare Liegebett<\/b> ist mit einer leistungsstarken integrierten Powerbank ausgestattet, mit der du: <\/p>\n<ul>\n<li>Das Sunbed 20 bis 30 Mal mit einer vollen Ladung aufblasen kannst.<\/li>\n<li>Dein Telefon oder andere Ger\u00e4te aufladen kannst, w\u00e4hrend du entspannst.<\/li>\n<\/ul>\n<p>Die Powerbank l\u00e4sst sich einfach zu Hause am Stromnetz aufladen, damit du immer bereit f\u00fcr dein n\u00e4chstes Abenteuer bist.<\/p>\n<p><b>Bitte beachte:<\/b> Das <b>aufblasbare Bett<\/b> ist aufgrund der eingebauten Powerbank nicht f\u00fcr die Verwendung im Wasser geeignet, aber es ist widerstandsf\u00e4hig gegen einen kr\u00e4ftigen Regenschauer.<\/p>\n<h3>F\u00fcr wen ist das Mr. E-ZY aufblasbare Sunbed geeignet? <\/h3>\n<p>Das <b>aufblasbare Bett<\/b> ist ideal f\u00fcr Menschen, die liegenden Komfort lieben und sich gerne vollst\u00e4ndig entspannen m\u00f6chten. Ob du am Strand sonnenbaden, ein Nickerchen im Garten machen oder einfach im Park entspannen m\u00f6chtest \u2013 dieses <b>Liege-Sitzsack<\/b> bietet ultimativen Komfort und Luxus. <\/p>\n<h3>Mr. E-ZY macht das Leben einfach! <\/h3>\n<p>Kein Schleppen mehr von schweren St\u00fchlen oder Betten und keine hohen Kosten mehr f\u00fcr das Mieten von Strandliegen. Verabschiede dich von unbequemen Badet\u00fcchern und genie\u00dfe \u00fcberall ultimativen Komfort. Mit    <b>Mr. E-ZY <\/b> wird Entspannung wirklich einfach. Mr. E-ZY macht das Leben einfach! <\/p>\n","protected":false},"excerpt":{"rendered":"<p>Mit \u00fcber 2 Metern L\u00e4nge ist das aufblasbare Sunbed <strong>extra lang<\/strong> und mit einem <strong>sehr bequemen Liegeniveau<\/strong>. Nie wieder eine Strandliege mieten! <\/p>\n","protected":false},"featured_media":9867,"comment_status":"closed","ping_status":"closed","template":"","meta":{"_acf_changed":false},"product_brand":[],"product_cat":[170],"product_tag":[],"class_list":{"0":"post-9562","1":"product","2":"type-product","3":"status-publish","4":"has-post-thumbnail","6":"product_cat-unkategorisiert","7":"product_shipping_class-gleich-oder-mehr-als-2-kg","9":"first","10":"instock","11":"taxable","12":"shipping-taxable","13":"purchasable","14":"product-type-variable","15":"has-default-attributes"},"acf":[],"faqimage":null,"_faqimage":null,"faqvideo":null,"_faqvideo":null,"faqdownload":null,"_faqdownload":null,"faqflowchart":null,"_faqflowchart":null,"_links":{"self":[{"href":"https:\/\/mr-ezy.com\/de\/wp-json\/wp\/v2\/product\/9562","targetHints":{"allow":["GET"]}}],"collection":[{"href":"https:\/\/mr-ezy.com\/de\/wp-json\/wp\/v2\/product"}],"about":[{"href":"https:\/\/mr-ezy.com\/de\/wp-json\/wp\/v2\/types\/product"}],"replies":[{"embeddable":true,"href":"https:\/\/mr-ezy.com\/de\/wp-json\/wp\/v2\/comments?post=9562"}],"wp:featuredmedia":[{"embeddable":true,"href":"https:\/\/mr-ezy.com\/de\/wp-json\/wp\/v2\/media\/9867"}],"wp:attachment":[{"href":"https:\/\/mr-ezy.com\/de\/wp-json\/wp\/v2\/media?parent=9562"}],"wp:term":[{"taxonomy":"product_brand","embeddable":true,"href":"https:\/\/mr-ezy.com\/de\/wp-json\/wp\/v2\/product_brand?post=9562"},{"taxonomy":"product_cat","embeddable":true,"href":"https:\/\/mr-ezy.com\/de\/wp-json\/wp\/v2\/product_cat?post=9562"},{"taxonomy":"product_tag","embeddable":true,"href":"https:\/\/mr-ezy.com\/de\/wp-json\/wp\/v2\/product_tag?post=9562"}],"curies":[{"name":"wp","href":"https:\/\/api.w.org\/{rel}","templated":true}]}}