{"id":9567,"date":"2025-10-02T15:21:21","date_gmt":"2025-10-02T13:21:21","guid":{"rendered":"https:\/\/mr-ezy.com\/product\/chair\/"},"modified":"2026-05-15T17:12:06","modified_gmt":"2026-05-15T15:12:06","slug":"chair-aufblasbarer-sessel","status":"publish","type":"product","link":"https:\/\/mr-ezy.com\/de\/produkt\/chair-aufblasbarer-sessel\/","title":{"rendered":"Chair"},"content":{"rendered":"<h2>Mr. E-ZY <span style=\"color: var(--color-base-dark-lighter);\">Chair<\/span>: Aufblasbarer Sessel mit modernem Design und maximalem Komfort <\/h2>\n<p>Entdecken Sie den komplett \u00fcberarbeiteten aufblasbaren Sessel von Mr. E-ZY, speziell entwickelt f\u00fcr ultimativen Sitzkomfort in modernem, stilvollem Design. Dieser neue Sessel zum Aufblasen ist breiter, stabiler und komfortabler als je zuvor und erm\u00f6glicht es Ihnen, \u00fcberall entspannt zu sitzen \u2013 ob auf dem Campingplatz, am Strand oder im eigenen Garten. Mit nur 1,1 Kilogramm Gewicht ist dieser <b>aufblasbare Campingstuhl <\/b>noch kompakter als die Lounger und ideal f\u00fcr alle, die Wert auf leichte Mobilit\u00e4t legen.   <\/p>\n<p>Dank der integrierten, wiederaufladbaren Powerbank bl\u00e4st sich der aufblasbare Stuhl Outdoor in nur 60 Sekunden per Knopfdruck selbst auf. Kein Aufwand, keine zus\u00e4tzliche Pumpe n\u00f6tig \u2013 Ihr Sitzplatz ist im Handumdrehen bereit. <\/p>\n<h3>Erweiterte Funktionalit\u00e4t dank eingebauter Powerbank<\/h3>\n<p>Die eingebaute Powerbank macht den Mr. E-ZY <b>aufblasbaren Chill-Sessel<\/b> genauso vielseitig wie die Lounger. Mit einem vollen Akku kann der Sessel 20 bis 30 Mal aufgeblasen werden. Ist die Powerbank leer? Kein Problem \u2013 du l\u00e4dst sie einfach zu Hause am Stromnetz auf. Au\u00dferdem kannst du die Powerbank nutzen, um dein Telefon oder andere Ger\u00e4te aufzuladen, sodass du immer erreichbar bleibst.     <\/p>\n<p><b>Achtung:<\/b> Der <b>aufblasbare Stuhl<\/b> ist aufgrund der eingebauten Powerbank nicht f\u00fcr den Einsatz im Wasser geeignet, h\u00e4lt aber einem kr\u00e4ftigen Regenschauer stand.<\/p>\n<h3>F\u00fcr wen ist der Mr. E-ZY aufblasbare Loungesessel geeignet? <\/h3>\n<p>Der Mr. E-ZY Chair ist ideal f\u00fcr Menschen, die einen kompakten, leichten <g id=\"gid_0\">aufblasbaren Stuhl<\/g> suchen, der Komfort und Bequemlichkeit in den Mittelpunkt stellt. Er ist die perfekte Wahl f\u00fcr Camper, Strandbesucher, Outdoor-Liebhaber und alle, die unterwegs gerne einen bequemen Sitzplatz haben m\u00f6chten.  <\/p>\n","protected":false},"excerpt":{"rendered":"<p>Der Chair ist ein <strong>kompakter und leichter<\/strong> aufblasbarer Stuhl, mit dem du \u00fcberall <strong>schnell und einfach Sitzkomfort<\/strong> schaffen kannst \u2013 wo immer du willst!<\/p>\n","protected":false},"featured_media":9569,"comment_status":"closed","ping_status":"closed","template":"","meta":{"_acf_changed":false},"product_brand":[],"product_cat":[170],"product_tag":[],"class_list":{"0":"post-9567","1":"product","2":"type-product","3":"status-publish","4":"has-post-thumbnail","6":"product_cat-unkategorisiert","8":"first","9":"instock","10":"taxable","11":"shipping-taxable","12":"purchasable","13":"product-type-variable","14":"has-default-attributes"},"acf":[],"faqimage":null,"_faqimage":null,"faqvideo":null,"_faqvideo":null,"faqdownload":null,"_faqdownload":null,"faqflowchart":null,"_faqflowchart":null,"_links":{"self":[{"href":"https:\/\/mr-ezy.com\/de\/wp-json\/wp\/v2\/product\/9567","targetHints":{"allow":["GET"]}}],"collection":[{"href":"https:\/\/mr-ezy.com\/de\/wp-json\/wp\/v2\/product"}],"about":[{"href":"https:\/\/mr-ezy.com\/de\/wp-json\/wp\/v2\/types\/product"}],"replies":[{"embeddable":true,"href":"https:\/\/mr-ezy.com\/de\/wp-json\/wp\/v2\/comments?post=9567"}],"wp:featuredmedia":[{"embeddable":true,"href":"https:\/\/mr-ezy.com\/de\/wp-json\/wp\/v2\/media\/9569"}],"wp:attachment":[{"href":"https:\/\/mr-ezy.com\/de\/wp-json\/wp\/v2\/media?parent=9567"}],"wp:term":[{"taxonomy":"product_brand","embeddable":true,"href":"https:\/\/mr-ezy.com\/de\/wp-json\/wp\/v2\/product_brand?post=9567"},{"taxonomy":"product_cat","embeddable":true,"href":"https:\/\/mr-ezy.com\/de\/wp-json\/wp\/v2\/product_cat?post=9567"},{"taxonomy":"product_tag","embeddable":true,"href":"https:\/\/mr-ezy.com\/de\/wp-json\/wp\/v2\/product_tag?post=9567"}],"curies":[{"name":"wp","href":"https:\/\/api.w.org\/{rel}","templated":true}]}}