{"id":9707,"date":"2025-11-12T15:09:53","date_gmt":"2025-11-12T14:09:53","guid":{"rendered":"https:\/\/mr-ezy.com\/?page_id=9707"},"modified":"2025-11-28T10:08:23","modified_gmt":"2025-11-28T09:08:23","slug":"avertissement","status":"publish","type":"page","link":"https:\/\/mr-ezy.com\/fr\/avertissement\/","title":{"rendered":"Avertissement"},"content":{"rendered":"<p>La soci\u00e9t\u00e9 \u00e0 responsabilit\u00e9 limit\u00e9e Daan&#8217;s Investment B.V. accorde le plus grand soin \u00e0 la s\u00e9curit\u00e9 et \u00e0 la fiabilit\u00e9 de ses produits. Toutefois, une erreur de production ne peut jamais \u00eatre totalement exclue.<\/p>\n<p>Daan&#8217;s Investment B.V., ses employ\u00e9s, repr\u00e9sentants, licenci\u00e9s, partenaires commerciaux et l\u2019auteur du pr\u00e9sent avertissement ne peuvent \u00eatre tenus responsables des dommages caus\u00e9s ou susceptibles d\u2019\u00eatre caus\u00e9s par une erreur de production ou par l\u2019utilisation du Mr. E-ZY en contradiction avec les instructions ci-dessous.<\/p>\n<p>Daan&#8217;s Investment B.V. n\u2019est pas non plus responsable des dommages indirects subis par l\u2019utilisateur du Mr. E-ZY ou par des tiers, notamment les dommages cons\u00e9cutifs, les pertes de revenus ou de profits, ainsi que les dommages immat\u00e9riels.<\/p>\n<p>Daan&#8217;s Investment B.V. d\u00e9cline toute responsabilit\u00e9 pour les dommages r\u00e9sultant de l\u2019utilisation d\u2019informations, de conseils ou d\u2019id\u00e9es fournis par ou au nom de Daan&#8217;s Investment B.V. dans des brochures, documents publicitaires ou sur ses sites web, ou sur ceux de ses repr\u00e9sentants, licenci\u00e9s ou partenaires.<\/p>\n<p>Une mauvaise utilisation du Mr. E-ZY peut causer des blessures \u00e0 autrui et peut constituer une violation des droits de propri\u00e9t\u00e9 intellectuelle, des r\u00e9glementations relatives \u00e0 la vie priv\u00e9e, ou des lois en mati\u00e8re de publication et communication. Vous \u00eates enti\u00e8rement responsable de l\u2019utilisation que vous faites du Mr. E-ZY.<\/p>\n<p>Pour une utilisation s\u00fbre et durable du Mr. E-ZY, il est conseill\u00e9 de :<\/p>\n<ul>\n<li>Ne pas sauter ou vous laisser tomber sur le Mr. E-ZY.<\/li>\n<li>Ne pas l\u2019exposer ou le placer pr\u00e8s de sources de chaleur telles que radiateurs ou flammes nues.<\/li>\n<li>Faire attention aux objets pointus ou aux v\u00eatements \u00e0 bords tranchants.<\/li>\n<li>Autoriser uniquement les enfants de 6 ans et plus \u00e0 l\u2019utiliser.<\/li>\n<li>Ne jamais sauter d\u2019objets ou dans des objets avec le Mr. E-ZY, comme les toboggans ou les piscines.<\/li>\n<li>Ne pas charger le Mr. E-ZY avec plus de 160 kg.<\/li>\n<li>L\u2019utiliser comme meuble et non comme jouet : il est con\u00e7u pour s\u2019asseoir ou s\u2019allonger, rien d\u2019autre.<\/li>\n<li>Ne jamais l\u2019utiliser dans ou sous l\u2019eau.<\/li>\n<li>Le placer sur une surface plane.<\/li>\n<li>Ne jamais le laver en machine.<\/li>\n<li>Ne rien ins\u00e9rer dans le Mr. E-ZY ni dans la powerbank.<\/li>\n<li>Apr\u00e8s utilisation, le d\u00e9gonfler en ouvrant le grand bouton de la powerbank, appuyer d\u00e9licatement pour laisser sortir l\u2019air, puis le remettre imm\u00e9diatement dans son sac de transport.<\/li>\n<li>Utiliser une serviette dessus, car les cr\u00e8mes solaires, huiles corporelles ou maquillages peuvent provoquer des taches.<\/li>\n<li>Faire attention avec la nourriture et les boissons, qui peuvent tacher en cas de renversement.<\/li>\n<li>Nettoyer les taches avec un chiffon l\u00e9g\u00e8rement humide.<\/li>\n<li>En cas d\u2019utilisation \u00e0 la plage, \u00e9viter que du sable ou des objets n\u2019entrent dans la powerbank.<\/li>\n<\/ul>\n<p>Vous vous engagez \u00e0 indemniser et d\u00e9gager de toute responsabilit\u00e9 Daan&#8217;s Investment B.V., ses employ\u00e9s, repr\u00e9sentants, licenci\u00e9s, partenaires commerciaux et l\u2019auteur de cet avertissement contre toute action judiciaire ou extrajudiciaire, y compris les frais de justice et de comptabilit\u00e9, r\u00e9sultant de ou li\u00e9s \u00e0 votre utilisation du Mr. E-ZY, \u00e0 la violation de toute r\u00e9glementation ou aux atteintes aux droits (de propri\u00e9t\u00e9 intellectuelle) de tiers.<\/p>\n<p>Daan&#8217;s Investment B.V. se r\u00e9serve le droit \u00e0 tout moment :<\/p>\n<ul>\n<li>D\u2019apporter, sans pr\u00e9avis, des modifications \u00e0 ses produits, y compris \u00e0 leur fonctionnalit\u00e9 ou design ;<\/li>\n<li>De modifier cet avertissement sans pr\u00e9avis.<\/li>\n<\/ul>\n<p>Le pr\u00e9sent avertissement est r\u00e9gi par le droit n\u00e9erlandais. Tous les litiges seront soumis au tribunal comp\u00e9tent d\u2019Amsterdam, sauf disposition imp\u00e9rative contraire du droit national ou international.<\/p>\n","protected":false},"excerpt":{"rendered":"<p>La soci\u00e9t\u00e9 \u00e0 responsabilit\u00e9 limit\u00e9e Daan&#8217;s Investment B.V. accorde le plus grand soin \u00e0 la s\u00e9curit\u00e9 et \u00e0 la fiabilit\u00e9 de ses produits. Toutefois, une erreur de production ne peut jamais \u00eatre totalement exclue. Daan&#8217;s Investment B.V., ses employ\u00e9s, repr\u00e9sentants, licenci\u00e9s, partenaires commerciaux et l\u2019auteur du pr\u00e9sent avertissement ne peuvent \u00eatre tenus responsables des dommages [&hellip;]<\/p>\n","protected":false},"author":1,"featured_media":0,"parent":0,"menu_order":0,"comment_status":"closed","ping_status":"closed","template":"","meta":{"_acf_changed":false,"footnotes":""},"class_list":["post-9707","page","type-page","status-publish","hentry"],"acf":[],"faqimage":null,"_faqimage":null,"faqvideo":null,"_faqvideo":null,"faqdownload":null,"_faqdownload":null,"faqflowchart":null,"_faqflowchart":null,"_links":{"self":[{"href":"https:\/\/mr-ezy.com\/fr\/wp-json\/wp\/v2\/pages\/9707","targetHints":{"allow":["GET"]}}],"collection":[{"href":"https:\/\/mr-ezy.com\/fr\/wp-json\/wp\/v2\/pages"}],"about":[{"href":"https:\/\/mr-ezy.com\/fr\/wp-json\/wp\/v2\/types\/page"}],"author":[{"embeddable":true,"href":"https:\/\/mr-ezy.com\/fr\/wp-json\/wp\/v2\/users\/1"}],"replies":[{"embeddable":true,"href":"https:\/\/mr-ezy.com\/fr\/wp-json\/wp\/v2\/comments?post=9707"}],"version-history":[{"count":3,"href":"https:\/\/mr-ezy.com\/fr\/wp-json\/wp\/v2\/pages\/9707\/revisions"}],"predecessor-version":[{"id":9774,"href":"https:\/\/mr-ezy.com\/fr\/wp-json\/wp\/v2\/pages\/9707\/revisions\/9774"}],"wp:attachment":[{"href":"https:\/\/mr-ezy.com\/fr\/wp-json\/wp\/v2\/media?parent=9707"}],"curies":[{"name":"wp","href":"https:\/\/api.w.org\/{rel}","templated":true}]}}