{"id":9783,"date":"2024-09-23T13:21:02","date_gmt":"2024-09-23T11:21:02","guid":{"rendered":"https:\/\/mr-ezy.com\/?page_id=9783"},"modified":"2025-11-28T10:18:13","modified_gmt":"2025-11-28T09:18:13","slug":"politique-de-confidentialite","status":"publish","type":"page","link":"https:\/\/mr-ezy.com\/fr\/politique-de-confidentialite\/","title":{"rendered":"Politique de confidentialit\u00e9"},"content":{"rendered":"<p><strong>Vos donn\u00e9es personnelles. Vous nous les fournissez parce que c\u2019est n\u00e9cessaire lorsque vous passez une commande. Mais il est normal de vouloir savoir pourquoi nous les demandons et ce que nous en faisons. Nous vous l\u2019expliquons ici.<\/strong><\/p>\n<p>Si vous avez d\u2019autres questions apr\u00e8s avoir lu cette page, contactez notre <a href=\"https:\/\/www.mr-ezy.com\/fr\/service-client\/\">service client<\/a>.<\/p>\n<p><strong>Tr\u00e8s s\u00e9curis\u00e9<\/strong><br \/>\nToutes les donn\u00e9es que vous nous transmettez sont stock\u00e9es en toute s\u00e9curit\u00e9. Nous utilisons des technologies modernes pour les prot\u00e9ger. Toute personne qui n\u2019a rien \u00e0 faire avec vos donn\u00e9es n\u2019y a pas acc\u00e8s. Si nous transmettons vos donn\u00e9es \u00e0 un tiers \u2014 vous verrez ci-dessous pourquoi et quand \u2014 nous exigeons qu\u2019il respecte les m\u00eames r\u00e8gles de s\u00e9curit\u00e9 et qu\u2019il n\u2019utilise vos donn\u00e9es que pour le but pr\u00e9vu. Si vous pensez que ce n\u2019est pas respect\u00e9, contactez notre <a href=\"https:\/\/www.mr-ezy.com\/fr\/service-client\/\">service client<\/a>.<\/p>\n<p><strong>Nous vous expliquons volontiers<\/strong><br \/>\nNous utilisons souvent vos donn\u00e9es pour vous offrir une exp\u00e9rience d\u2019achat personnalis\u00e9e. Nous adaptons ce que vous voyez sur Mr-EZY.com selon vos int\u00e9r\u00eats. Nous utilisons pour cela vos anciennes commandes, votre adresse IP et les cookies.<br \/>\nPlus d\u2019informations sur les cookies plus bas.<\/p>\n<p><strong>Que faisons-nous d\u2019autre avec vos donn\u00e9es ?<\/strong><br \/>\nNous utilisons vos donn\u00e9es pour diff\u00e9rents objectifs. Voici lesquels. Nous utilisons les donn\u00e9es que vous nous fournissez, ainsi que celles que nous collectons nous-m\u00eames (par exemple votre visite sur notre site).<\/p>\n<p><strong>Livraison de votre commande<\/strong><br \/>\nPour livrer votre commande, nous avons besoin de votre nom, adresse e-mail, adresse(s), informations de paiement et parfois votre num\u00e9ro de t\u00e9l\u00e9phone. Nous transmettons vos donn\u00e9es \u00e0 des tiers si cela est n\u00e9cessaire (transporteurs, centre logistique\u2026).<\/p>\n<p><strong>Votre compte<\/strong><br \/>\nDans votre compte mr-ezy.com, nous enregistrons : votre nom, adresse(s), num\u00e9ro de t\u00e9l\u00e9phone, e-mail, donn\u00e9es de livraison et paiement, ainsi que vos informations ou centres d&#8217;int\u00e9r\u00eat. Nous conservons aussi vos anciennes commandes et avis.<\/p>\n<p><strong>Service client<\/strong><br \/>\nVous pouvez nous appeler, \u00e9crire ou envoyer un message. Pour vous aider rapidement, nous utilisons vos donn\u00e9es et conservons des notes. Les conversations peuvent \u00eatre enregistr\u00e9es. Parfois, une entreprise externe utilise vos donn\u00e9es pour r\u00e9pondre en notre nom.<\/p>\n<p><strong>Newsletters<\/strong><br \/>\nVous pouvez vous inscrire \u00e0 notre newsletter. Pour vous d\u00e9sabonner, il suffit d&#8217;un clic.<\/p>\n<p><strong>Am\u00e9lioration de nos services<\/strong><br \/>\nNous utilisons vos donn\u00e9es pour vous inviter \u00e0 des enqu\u00eates volontaires. Une entreprise externe peut les r\u00e9aliser \u2014 elle doit supprimer vos donn\u00e9es ensuite.<\/p>\n<p><strong>Lutte contre la fraude<\/strong><br \/>\nNous utilisons les donn\u00e9es clients pour pr\u00e9venir ou d\u00e9tecter la fraude et transmettons des informations aux autorit\u00e9s si n\u00e9cessaire.<\/p>\n<p><strong>Paiement diff\u00e9r\u00e9<\/strong><br \/>\nSi vous choisissez de payer plus tard, nous pouvons v\u00e9rifier votre solvabilit\u00e9 et partager vos donn\u00e9es avec des organismes sp\u00e9cialis\u00e9s.<\/p>\n<p><strong>M\u00e9dias sociaux<\/strong><br \/>\nSi vous utilisez Facebook ou autres r\u00e9seaux sociaux, vous pouvez vous connecter via votre compte. Si vous aimez un produit, il peut appara\u00eetre sur votre profil. Si vous nous \u00e9crivez via un r\u00e9seau social, nous conservons le message et votre identifiant pour vous r\u00e9pondre.<\/p>\n<p><strong>Ce que nous ne faisons pas avec vos donn\u00e9es<\/strong><br \/>\nNous ne montrons jamais des prix diff\u00e9rents \u00e0 diff\u00e9rents clients.<br \/>\nNous ne vendons jamais vos donn\u00e9es.<\/p>\n<p><strong>Vos donn\u00e9es sont incorrectes ?<\/strong><br \/>\nVous souhaitez acc\u00e9der \u00e0 vos donn\u00e9es, les corriger ou supprimer votre compte ? Contactez notre <a href=\"https:\/\/www.mr-ezy.com\/fr\/service-client\/\">service client<\/a>. Nous sommes disponibles 24h\/24 et 7j\/7.<\/p>\n","protected":false},"excerpt":{"rendered":"<p>Vos donn\u00e9es personnelles. Vous nous les fournissez parce que c\u2019est n\u00e9cessaire lorsque vous passez une commande. Mais il est normal de vouloir savoir pourquoi nous les demandons et ce que nous en faisons. Nous vous l\u2019expliquons ici. Si vous avez d\u2019autres questions apr\u00e8s avoir lu cette page, contactez notre service client. Tr\u00e8s s\u00e9curis\u00e9 Toutes les [&hellip;]<\/p>\n","protected":false},"author":1,"featured_media":0,"parent":0,"menu_order":0,"comment_status":"closed","ping_status":"closed","template":"","meta":{"_acf_changed":false,"footnotes":""},"class_list":["post-9783","page","type-page","status-publish","hentry"],"acf":[],"faqimage":null,"_faqimage":null,"faqvideo":null,"_faqvideo":null,"faqdownload":null,"_faqdownload":null,"faqflowchart":null,"_faqflowchart":null,"_links":{"self":[{"href":"https:\/\/mr-ezy.com\/fr\/wp-json\/wp\/v2\/pages\/9783","targetHints":{"allow":["GET"]}}],"collection":[{"href":"https:\/\/mr-ezy.com\/fr\/wp-json\/wp\/v2\/pages"}],"about":[{"href":"https:\/\/mr-ezy.com\/fr\/wp-json\/wp\/v2\/types\/page"}],"author":[{"embeddable":true,"href":"https:\/\/mr-ezy.com\/fr\/wp-json\/wp\/v2\/users\/1"}],"replies":[{"embeddable":true,"href":"https:\/\/mr-ezy.com\/fr\/wp-json\/wp\/v2\/comments?post=9783"}],"version-history":[{"count":3,"href":"https:\/\/mr-ezy.com\/fr\/wp-json\/wp\/v2\/pages\/9783\/revisions"}],"predecessor-version":[{"id":9788,"href":"https:\/\/mr-ezy.com\/fr\/wp-json\/wp\/v2\/pages\/9783\/revisions\/9788"}],"wp:attachment":[{"href":"https:\/\/mr-ezy.com\/fr\/wp-json\/wp\/v2\/media?parent=9783"}],"curies":[{"name":"wp","href":"https:\/\/api.w.org\/{rel}","templated":true}]}}