{"id":13467,"date":"2025-10-02T15:23:46","date_gmt":"2025-10-02T13:23:46","guid":{"rendered":"https:\/\/mr-ezy.com\/product\/matelas\/"},"modified":"2025-10-02T15:23:46","modified_gmt":"2025-10-02T13:23:46","slug":"matelas","status":"publish","type":"product","link":"https:\/\/mr-ezy.com\/fr\/produit\/matelas\/","title":{"rendered":"Matelas"},"content":{"rendered":"<h2><strong>Mr. E-ZY Matelas : <span style=\"color: var(--color-base-dark-lighter);\">Matelas gonflable<\/span> pour un confort ultime \u2013 Parfait pour le jour et la nuit<\/strong><\/h2>\n<p>D\u00e9couvrez le matelas gonflable Mr. E-ZY, un produit polyvalent que vous pouvez utiliser \u00e0 la fois pour vous d\u00e9tendre et comme solution de sommeil temporaire. Avec une hauteur de seulement 18 cm, ce mod\u00e8le offre une surface stable et confortable, id\u00e9ale pour les campeurs et les aventuriers \u00e0 la recherche d&#8217;une solution compacte et pratique. Avec des dimensions de 70 cm de large et 2 m\u00e8tres de long, ce matelas offre une surface de couchage plate avec un petit sur\u00e9lev\u00e9 au niveau de la t\u00eate pour plus de confort.   <\/p>\n<h3><strong>Qu&#8217;est-ce qui rend le matelas Mr. E-ZY unique ? <\/strong><\/h3>\n<p>Le matelas Mr. E-ZY est le mod\u00e8le le plus bas de la collection et est parfait pour ceux qui recherchent une solution gonflable pratique pour un sommeil temporaire, par exemple dans une tente, sans compromis sur le confort. Il offre une surface de couchage stable et plate, adapt\u00e9e aussi bien aux dormeurs sur le dos qu\u2019\u00e0 ceux qui dorment sur le ventre, et gr\u00e2ce \u00e0 sa faible hauteur, il est id\u00e9al pour une utilisation dans des espaces plus petits comme une tente. Ce matelas est \u00e9galement parfait pour une utilisation dans le jardin ou \u00e0 la plage comme un endroit confortable pour se d\u00e9tendre.   <\/p>\n<p>Ce matelas a \u00e9t\u00e9 con\u00e7u comme une solution pratique pour dormir ou se d\u00e9tendre temporairement, et il est donc parfait pour une utilisation <strong>en tente ou pour d&#8217;autres activit\u00e9s ext\u00e9rieures<\/strong>. Il est id\u00e9al pour les campeurs, les festivaliers ou toute personne \u00e0 la recherche d&#8217;un endroit de sommeil ou de d\u00e9tente polyvalent et compact. Il offre le bon soutien pour une bonne nuit de sommeil, sans compromettre la portabilit\u00e9 ou le confort.  <\/p>\n<h3><strong>Facile \u00e0 gonfler rapidement<\/strong><\/h3>\n<p>Comme les autres produits Mr. E-ZY, le matelas Mr. E-ZY se gonfle en 70 secondes avec une simple pression sur le bouton de la batterie int\u00e9gr\u00e9e. Fini les pompes encombrantes \u2013 votre surface de couchage confortable est pr\u00eate en un rien de temps. La batterie peut gonfler le matelas 20 \u00e0 30 fois avec une charge compl\u00e8te et peut \u00e9galement \u00eatre utilis\u00e9e pour charger votre t\u00e9l\u00e9phone ou d&#8217;autres appareils.    <\/p>\n<h3><strong>Facile \u00e0 ranger<\/strong><\/h3>\n<p>Apr\u00e8s utilisation, ranger le matelas Mr. E-ZY est un jeu d&#8217;enfant. En 90 secondes, vous avez enroul\u00e9 le matelas et l&#8217;avez mis dans le grand sac de transport fourni, pr\u00eat pour votre prochaine aventure. Cette commodit\u00e9 vous permet de ranger vos affaires rapidement et sans effort, sans que le matelas prenne trop de place.   <\/p>\n<h3><strong>Durable et de haute qualit\u00e9<\/strong><\/h3>\n<p>Le matelas Mr. E-ZY est fabriqu\u00e9 en nylon de haute qualit\u00e9 avec un rev\u00eatement TPU durable, garantissant une longue dur\u00e9e de vie et des performances exceptionnelles. Ces mat\u00e9riaux premium sont utilis\u00e9s uniquement dans les produits de la meilleure qualit\u00e9, vous assurant ainsi la meilleure exp\u00e9rience possible.  <\/p>\n<h3><strong>Adapt\u00e9 \u00e0 plusieurs usages<\/strong><\/h3>\n<p>Ce matelas gonflable est non seulement id\u00e9al pour la plage, le parc ou le jardin, mais il est \u00e9galement parfait pour une utilisation dans une tente. Il offre le bon soutien pour une nuit de sommeil confortable, sans compromis sur la portabilit\u00e9 ou le confort. <\/p>\n<p><strong>Attention<\/strong> : Ce matelas n&#8217;est pas destin\u00e9 \u00e0 \u00eatre utilis\u00e9 dans l&#8217;eau, mais il r\u00e9siste aux l\u00e9g\u00e8res pluies.<\/p>\n<h3><strong>Mr. E-ZY makes life easy!<\/strong><\/h3>\n<p>Dites adieu aux matelas lourds et aux lits gonflables inconfortables. Le matelas Mr. E-ZY offre le confort parfait pour le jour et la nuit, sans compromettre la mobilit\u00e9 ou le confort. Avec Mr. E-ZY, se d\u00e9tendre et dormir partout devient un jeu d&#8217;enfant. Mr. E-ZY makes life easy!     Mr. E-ZY makes life easy!<\/p>\n","protected":false},"excerpt":{"rendered":"<p>Se d\u00e9tendre la journ\u00e9e ou <strong>passer une nuit confortable<\/strong> ? Avec le matelas auto-gonflant Mr. E-ZY, profite partout d\u2019un <strong>confort d\u2019assise<\/strong> compact et douillet !  <\/p>\n","protected":false},"featured_media":13466,"comment_status":"closed","ping_status":"closed","template":"","meta":{"_acf_changed":false},"product_brand":[],"product_cat":[124],"product_tag":[],"class_list":{"0":"post-13467","1":"product","2":"type-product","3":"status-publish","4":"has-post-thumbnail","6":"product_cat-non-classe","8":"first","9":"outofstock","10":"taxable","11":"shipping-taxable","12":"purchasable","13":"product-type-variable","14":"has-default-attributes"},"acf":[],"faqimage":null,"_faqimage":null,"faqvideo":null,"_faqvideo":null,"faqdownload":null,"_faqdownload":null,"faqflowchart":null,"_faqflowchart":null,"_links":{"self":[{"href":"https:\/\/mr-ezy.com\/fr\/wp-json\/wp\/v2\/product\/13467","targetHints":{"allow":["GET"]}}],"collection":[{"href":"https:\/\/mr-ezy.com\/fr\/wp-json\/wp\/v2\/product"}],"about":[{"href":"https:\/\/mr-ezy.com\/fr\/wp-json\/wp\/v2\/types\/product"}],"replies":[{"embeddable":true,"href":"https:\/\/mr-ezy.com\/fr\/wp-json\/wp\/v2\/comments?post=13467"}],"wp:featuredmedia":[{"embeddable":true,"href":"https:\/\/mr-ezy.com\/fr\/wp-json\/wp\/v2\/media\/13466"}],"wp:attachment":[{"href":"https:\/\/mr-ezy.com\/fr\/wp-json\/wp\/v2\/media?parent=13467"}],"wp:term":[{"taxonomy":"product_brand","embeddable":true,"href":"https:\/\/mr-ezy.com\/fr\/wp-json\/wp\/v2\/product_brand?post=13467"},{"taxonomy":"product_cat","embeddable":true,"href":"https:\/\/mr-ezy.com\/fr\/wp-json\/wp\/v2\/product_cat?post=13467"},{"taxonomy":"product_tag","embeddable":true,"href":"https:\/\/mr-ezy.com\/fr\/wp-json\/wp\/v2\/product_tag?post=13467"}],"curies":[{"name":"wp","href":"https:\/\/api.w.org\/{rel}","templated":true}]}}