{"id":8762,"date":"2025-10-02T15:21:21","date_gmt":"2025-10-02T13:21:21","guid":{"rendered":"https:\/\/mr-ezy.com\/product\/chaise\/"},"modified":"2025-11-25T14:11:23","modified_gmt":"2025-11-25T13:11:23","slug":"chair-gonflable","status":"publish","type":"product","link":"https:\/\/mr-ezy.com\/fr\/produit\/chair-gonflable\/","title":{"rendered":"Chair"},"content":{"rendered":"<h2>Mr. E-ZY Chair: Fauteuil gonflable \u2013 Compact, stable et confort d\u2019assise exceptionnel <\/h2>\n<p>D\u00e9couvrez la toute nouvelle <g id=\"gid_0\">chaise longue gonflable<\/g> Mr E-ZY, sp\u00e9cialement con\u00e7ue pour offrir un confort d&#8217;assise optimal dans un design magnifique et moderne. Cette nouvelle chaise est plus large, plus stable et plus confortable que jamais, vous permettant de vous d\u00e9tendre n&#8217;importe o\u00f9 &#8211; du <g id=\"gid_1\">camping<\/g> \u00e0 la plage et m\u00eame dans votre propre jardin. Pesant seulement 1,1 kilogramme, cette <b>chaise gonflable<\/b> est encore plus compacte que les Lounger, id\u00e9ale pour tous ceux qui appr\u00e9cient la mobilit\u00e9 en toute l\u00e9g\u00e8ret\u00e9.   <\/p>\n<p>Gr\u00e2ce \u00e0 la banque d&#8217;\u00e9nergie int\u00e9gr\u00e9e et rechargeable, le <b>fauteuil pneumatique<\/b> se gonfle de lui-m\u00eame en 60 secondes par simple pression d&#8217;un bouton. Pas de probl\u00e8me, pas besoin de pompe suppl\u00e9mentaire &#8211; votre si\u00e8ge est pr\u00eat en un rien de temps. <\/p>\n<h3>Fonctionnalit\u00e9 avanc\u00e9e gr\u00e2ce \u00e0 la banque d&#8217;\u00e9nergie int\u00e9gr\u00e9e<\/h3>\n<p>Gr\u00e2ce \u00e0 sa banque d&#8217;\u00e9nergie int\u00e9gr\u00e9e, la <b>chaise gonflable chill<\/b> Mr E-ZY est aussi polyvalente que les chaises longues. Avec une batterie pleine, la chaise peut \u00eatre gonfl\u00e9e 20 \u00e0 30 fois. La banque d&#8217;\u00e9nergie est vide ? Pas de probl\u00e8me, il vous suffit de le recharger \u00e0 la maison sur le secteur. En outre, vous pouvez utiliser le powerbank pour charger votre t\u00e9l\u00e9phone ou d&#8217;autres appareils, afin de rester toujours accessible.     <\/p>\n<p><b>Remarque :<\/b> la <b>chaise gonflable<\/b> n&#8217;est pas adapt\u00e9e \u00e0 une utilisation dans l&#8217;eau en raison de la banque d&#8217;alimentation int\u00e9gr\u00e9e, mais elle peut r\u00e9sister \u00e0 une forte pluie.<\/p>\n<h3>A qui convient la chaise longue gonflable Mr. E-ZY ? <\/h3>\n<p>La Chair Mr. E-ZY est id\u00e9ale pour les personnes \u00e0 la recherche d&#8217;une <g id=\"gid_0\">chaise gonflable<\/g> compacte, l\u00e9g\u00e8re et ax\u00e9e sur le confort et la commodit\u00e9. C&#8217;est le choix id\u00e9al pour les campeurs, les amateurs de plage, les passionn\u00e9s d&#8217;activit\u00e9s de plein air et tous ceux qui aiment disposer d&#8217;un si\u00e8ge confortable en d\u00e9placement.  <\/p>\n","protected":false},"excerpt":{"rendered":"<p>La Chair est une chaise gonflable <strong>compacte et l\u00e9g\u00e8re<\/strong> qui vous permet de cr\u00e9er <strong>rapidement et facilement<\/strong> un <strong>confort d&#8217;assise<\/strong> n&#8217;importe o\u00f9 &#8211; o\u00f9 vous voulez !<\/p>\n","protected":false},"featured_media":8764,"comment_status":"closed","ping_status":"closed","template":"","meta":{"_acf_changed":false},"product_brand":[],"product_cat":[124],"product_tag":[],"class_list":{"0":"post-8762","1":"product","2":"type-product","3":"status-publish","4":"has-post-thumbnail","6":"product_cat-non-classe","7":"product_shipping_class-moins-de-2-kg","9":"first","10":"instock","11":"taxable","12":"shipping-taxable","13":"purchasable","14":"product-type-variable","15":"has-default-attributes"},"acf":[],"faqimage":null,"_faqimage":null,"faqvideo":null,"_faqvideo":null,"faqdownload":null,"_faqdownload":null,"faqflowchart":null,"_faqflowchart":null,"_links":{"self":[{"href":"https:\/\/mr-ezy.com\/fr\/wp-json\/wp\/v2\/product\/8762","targetHints":{"allow":["GET"]}}],"collection":[{"href":"https:\/\/mr-ezy.com\/fr\/wp-json\/wp\/v2\/product"}],"about":[{"href":"https:\/\/mr-ezy.com\/fr\/wp-json\/wp\/v2\/types\/product"}],"replies":[{"embeddable":true,"href":"https:\/\/mr-ezy.com\/fr\/wp-json\/wp\/v2\/comments?post=8762"}],"wp:featuredmedia":[{"embeddable":true,"href":"https:\/\/mr-ezy.com\/fr\/wp-json\/wp\/v2\/media\/8764"}],"wp:attachment":[{"href":"https:\/\/mr-ezy.com\/fr\/wp-json\/wp\/v2\/media?parent=8762"}],"wp:term":[{"taxonomy":"product_brand","embeddable":true,"href":"https:\/\/mr-ezy.com\/fr\/wp-json\/wp\/v2\/product_brand?post=8762"},{"taxonomy":"product_cat","embeddable":true,"href":"https:\/\/mr-ezy.com\/fr\/wp-json\/wp\/v2\/product_cat?post=8762"},{"taxonomy":"product_tag","embeddable":true,"href":"https:\/\/mr-ezy.com\/fr\/wp-json\/wp\/v2\/product_tag?post=8762"}],"curies":[{"name":"wp","href":"https:\/\/api.w.org\/{rel}","templated":true}]}}