{"id":9266,"date":"2025-10-02T15:22:01","date_gmt":"2025-10-02T13:22:01","guid":{"rendered":"https:\/\/mr-ezy.com\/product\/sunbed\/"},"modified":"2026-04-20T16:13:18","modified_gmt":"2026-04-20T14:13:18","slug":"transat-gonflable-sunbed","status":"publish","type":"product","link":"https:\/\/mr-ezy.com\/fr\/produit\/transat-gonflable-sunbed\/","title":{"rendered":"Sunbed"},"content":{"rendered":"<h2>Mr. E-ZY <span style=\"color: var(--color-base-dark-lighter);\">Sunbed<\/span> \u2013 D\u00e9tendez-vous dans un luxe ultime, o\u00f9 que vous soyez <\/h2>\n<p>D\u00e9couvrez le tout nouveau Mr. E-ZY Sunbed. Le <b>MR. E-ZY Sunbed<\/b> est le <b>transat gonflable<\/b> sp\u00e9cialement con\u00e7u pour ceux qui aiment s\u2019allonger confortablement : bronzer, dormir ou simplement profiter d\u2019une d\u00e9tente totale. Avec sa longueur impressionnante de <b>2 m\u00e8tres<\/b>, il offre un espace de repos spacieux, id\u00e9al pour de longues journ\u00e9es au soleil ou pour se relaxer \u00e0 l\u2019ombre \u2013 sur la plage, au jardin ou au bord de la piscine.   <\/p>\n<p>Comme tous les produits MR. E-ZY, ce <g id=\"gid_0\">lit autogonflant<\/g> se d\u00e9ploie automatiquement en seulement 70 secondes, gr\u00e2ce \u00e0 sa powerbank int\u00e9gr\u00e9e et rechargeable. Une simple pression suffit pour profiter instantan\u00e9ment de votre espace d\u00e9tente, sans effort ni pompe externe. L\u00e9ger et pratique, il est parfait comme canap\u00e9 de plage gonflable ou comme chaise longue portable.  <\/p>\n<h3>Fonctionnalit\u00e9 avanc\u00e9e gr\u00e2ce \u00e0 la powerbank int\u00e9gr\u00e9e<\/h3>\n<p>Le <b>lit gonflable<\/b> Mr. E-ZY est \u00e9quip\u00e9 d&#8217;une puissante powerbank int\u00e9gr\u00e9e qui te permet de : <\/p>\n<ul>\n<li>Gonfler le sunbed 20 \u00e0 30 fois sur une charge compl\u00e8te.<\/li>\n<li>Recharger ton t\u00e9l\u00e9phone ou d&#8217;autres appareils pendant que tu te d\u00e9tends.<\/li>\n<\/ul>\n<p>La powerbank se recharge facilement \u00e0 la maison sur le secteur, pour que tu sois toujours pr\u00eate pour ta prochaine aventure.<\/p>\n<p><b>Attention :<\/b> Le <b>lit gonflable<\/b> n&#8217;est pas adapt\u00e9 \u00e0 l&#8217;usage dans l&#8217;eau \u00e0 cause de la powerbank int\u00e9gr\u00e9e, mais il r\u00e9siste \u00e0 une bonne averse.<\/p>\n<h3>Pour qui le sunbed gonflable Mr. E-ZY est-il adapt\u00e9 ? <\/h3>\n<p>Le <b>lit gonflable<\/b> est id\u00e9al pour les personnes qui aiment le confort allong\u00e9 et qui veulent se d\u00e9tendre compl\u00e8tement. Que tu veuilles prendre le soleil \u00e0 la plage, faire une sieste dans le jardin ou simplement te relaxer au parc \u2013 ce <b>pouf-lit<\/b> offre un confort et un luxe ultimes. <\/p>\n<h3>Mr. E-ZY rend la vie facile ! <\/h3>\n<p>Fini de tra\u00eener de lourdes chaises ou lits et fini les co\u00fbts \u00e9lev\u00e9s pour louer des transats. Dis adieu aux serviettes de bain inconfortables et profite d&#8217;un confort ultime partout. Avec   <b>Mr. E-ZY <\/b>  la d\u00e9tente devient vraiment simple. Mr. E-ZY makes life easy!  <\/p>\n","protected":false},"excerpt":{"rendered":"<p>Avec plus de 2 m\u00e8tres de longueur, le Sunbed gonflable est <strong>extra long<\/strong> et avec un <strong>niveau de couchage tr\u00e8s confortable<\/strong>. Plus jamais besoin de louer un transat ! <\/p>\n","protected":false},"featured_media":9869,"comment_status":"closed","ping_status":"closed","template":"","meta":{"_acf_changed":false},"product_brand":[],"product_cat":[124],"product_tag":[],"class_list":{"0":"post-9266","1":"product","2":"type-product","3":"status-publish","4":"has-post-thumbnail","6":"product_cat-non-classe","7":"product_shipping_class-egal-ou-superieur-a-2-kg","9":"first","10":"instock","11":"taxable","12":"shipping-taxable","13":"purchasable","14":"product-type-variable","15":"has-default-attributes"},"acf":[],"faqimage":null,"_faqimage":null,"faqvideo":null,"_faqvideo":null,"faqdownload":null,"_faqdownload":null,"faqflowchart":null,"_faqflowchart":null,"_links":{"self":[{"href":"https:\/\/mr-ezy.com\/fr\/wp-json\/wp\/v2\/product\/9266","targetHints":{"allow":["GET"]}}],"collection":[{"href":"https:\/\/mr-ezy.com\/fr\/wp-json\/wp\/v2\/product"}],"about":[{"href":"https:\/\/mr-ezy.com\/fr\/wp-json\/wp\/v2\/types\/product"}],"replies":[{"embeddable":true,"href":"https:\/\/mr-ezy.com\/fr\/wp-json\/wp\/v2\/comments?post=9266"}],"wp:featuredmedia":[{"embeddable":true,"href":"https:\/\/mr-ezy.com\/fr\/wp-json\/wp\/v2\/media\/9869"}],"wp:attachment":[{"href":"https:\/\/mr-ezy.com\/fr\/wp-json\/wp\/v2\/media?parent=9266"}],"wp:term":[{"taxonomy":"product_brand","embeddable":true,"href":"https:\/\/mr-ezy.com\/fr\/wp-json\/wp\/v2\/product_brand?post=9266"},{"taxonomy":"product_cat","embeddable":true,"href":"https:\/\/mr-ezy.com\/fr\/wp-json\/wp\/v2\/product_cat?post=9266"},{"taxonomy":"product_tag","embeddable":true,"href":"https:\/\/mr-ezy.com\/fr\/wp-json\/wp\/v2\/product_tag?post=9266"}],"curies":[{"name":"wp","href":"https:\/\/api.w.org\/{rel}","templated":true}]}}